{"id":3,"date":"2025-02-07T14:55:15","date_gmt":"2025-02-07T12:55:15","guid":{"rendered":"https:\/\/www.miscanti.com\/?page_id=3"},"modified":"2025-03-12T17:17:18","modified_gmt":"2025-03-12T15:17:18","slug":"politica-de-privadesa","status":"publish","type":"page","link":"https:\/\/www.miscanti.com\/es\/politica-de-privadesa\/","title":{"rendered":"Pol\u00edtica de privacidad"},"content":{"rendered":"<div data-elementor-type=\"wp-page\" data-elementor-id=\"3\" class=\"elementor elementor-3\">\n\t\t\t\t\t\t<section class=\"th-parallax elementor-section elementor-top-section elementor-element elementor-element-1eb7519e elementor-section-full_width elementor-section-height-min-height elementor-section-height-default elementor-section-items-middle\" data-parallax=\"scroll\" data-image-src=\"\" data-id=\"1eb7519e\" data-element_type=\"section\" data-settings=\"{&quot;background_background&quot;:&quot;classic&quot;}\">\n\t\t\t\t\t\t\t<div class=\"elementor-background-overlay\"><\/div>\n\t\t\t\t\t\t\t<div class=\"elementor-container elementor-column-gap-default\">\n\t\t\t\t\t<div class=\"elementor-column elementor-col-100 elementor-top-column elementor-element elementor-element-3fb1ad29\" data-id=\"3fb1ad29\" data-element_type=\"column\">\n\t\t\t<div class=\"elementor-widget-wrap elementor-element-populated\">\n\t\t\t\t\t\t<div class=\"elementor-element elementor-element-7f8d9f48 elementor-widget elementor-widget-spacer\" data-id=\"7f8d9f48\" data-element_type=\"widget\" data-widget_type=\"spacer.default\">\n\t\t\t\t<div class=\"elementor-widget-container\">\n\t\t\t\t\t\t\t<div class=\"elementor-spacer\">\n\t\t\t<div class=\"elementor-spacer-inner\"><\/div>\n\t\t<\/div>\n\t\t\t\t\t\t<\/div>\n\t\t\t\t<\/div>\n\t\t\t\t<div class=\"elementor-element elementor-element-3f166941 elementor-view-default elementor-position-top elementor-invisible elementor-widget elementor-widget-themo-header\" data-id=\"3f166941\" data-element_type=\"widget\" data-settings=\"{&quot;_animation&quot;:&quot;fadeInUp&quot;}\" data-widget_type=\"themo-header.default\">\n\t\t\t\t<div class=\"elementor-widget-container\">\n\t\t\t\t\t\t\t<div class=\"th-header-wrap\">\n        <div class=\"elementor-icon-box-wrapper\">\n                            <div class=\"elementor-icon-box-content\">\n                    <h1 class=\"elementor-icon-box-title\">\n                        Pol\u00edtica de privacidad                    <\/h1>\n                                        <p class=\"elementor-icon-box-description\"><\/p>\n\n                                    <\/div>\n            <\/div>\n\n        <\/div>\n\n\t\t\t\t\t\t<\/div>\n\t\t\t\t<\/div>\n\t\t\t\t\t<\/div>\n\t\t<\/div>\n\t\t\t\t\t<\/div>\n\t\t<\/section>\n\t\t\t\t<section class=\"elementor-section elementor-top-section elementor-element elementor-element-3afca767 elementor-section-boxed elementor-section-height-default elementor-section-height-default\" data-id=\"3afca767\" data-element_type=\"section\">\n\t\t\t\t\t\t<div class=\"elementor-container elementor-column-gap-default\">\n\t\t\t\t\t<div class=\"elementor-column elementor-col-100 elementor-top-column elementor-element elementor-element-429b5376\" data-id=\"429b5376\" data-element_type=\"column\">\n\t\t\t<div class=\"elementor-widget-wrap elementor-element-populated\">\n\t\t\t\t\t\t<div class=\"elementor-element elementor-element-410c832e elementor-widget elementor-widget-text-editor\" data-id=\"410c832e\" data-element_type=\"widget\" data-widget_type=\"text-editor.default\">\n\t\t\t\t<div class=\"elementor-widget-container\">\n\t\t\t\t\t\t\t\t\t<p data-start=\"30\" data-end=\"196\">La presente Pol\u00edtica de Privacidad regula el uso del servicio del portal de Internet con direcci\u00f3n <strong data-start=\"120\" data-end=\"140\"><a href=\"http:\/\/WWW.MISCANTI.COM\" target=\"_new\" rel=\"noopener\" data-start=\"122\" data-end=\"138\">www.miscanti.com<\/a><\/strong>, cuyo responsable a efectos identificativos es:<\/p><ul data-start=\"198\" data-end=\"383\"><li data-start=\"198\" data-end=\"244\"><strong data-start=\"200\" data-end=\"216\">Responsable:<\/strong> MISCANTI TECNOLOG\u00cdA, SL<\/li><li data-start=\"245\" data-end=\"267\"><strong data-start=\"247\" data-end=\"255\">NIF:<\/strong> B64638737<\/li><li data-start=\"268\" data-end=\"305\"><strong data-start=\"270\" data-end=\"281\">Direcci\u00f3n:<\/strong> C\/ Richard Wagner, 26 \u2013 43700 El Vendrell<\/li><li data-start=\"306\" data-end=\"332\"><strong data-start=\"308\" data-end=\"320\">Tel\u00e9fono:<\/strong> 931844231<\/li><li data-start=\"333\" data-end=\"383\"><strong data-start=\"335\" data-end=\"357\">Correo electr\u00f3nico: <\/strong>info@miscanti.com<\/li><\/ul><h3 data-start=\"385\" data-end=\"442\"><strong data-start=\"389\" data-end=\"440\">Finalidad, \u00bfpara qu\u00e9 tratamos sus datos?<\/strong><\/h3><p data-start=\"444\" data-end=\"588\">A efectos de lo que prev\u00e9 el <strong data-start=\"472\" data-end=\"502\">RGPD de 27 de abril de 2016<\/strong> y la <strong data-start=\"508\" data-end=\"521\">LO 3\/2018<\/strong>, trataremos los datos que recogemos para las siguientes finalidades:<\/p><ul data-start=\"590\" data-end=\"773\"><li data-start=\"590\" data-end=\"643\">Contactar con usted en caso de que nos lo solicite.<\/li><li data-start=\"644\" data-end=\"695\">Gestionar su navegaci\u00f3n en la web, si procede.<\/li><li data-start=\"696\" data-end=\"773\">Enviar comunicaciones comerciales sobre nuestros productos y servicios.<\/li><\/ul><p data-start=\"775\" data-end=\"939\">Para ello, el usuario dispondr\u00e1 de un formulario de registro cuya cumplimentaci\u00f3n legitimar\u00e1 al interesado al acceso y disfrute de determinados servicios ofrecidos en la web.<\/p><p data-start=\"941\" data-end=\"1179\">No obstante, se informa al usuario que en todo formulario de contacto ser\u00e1 informado del uso que se har\u00e1 de los datos obtenidos y, si \u00e9stos son utilizados para una finalidad distinta, se requerir\u00e1 su previo y expreso consentimiento.<\/p><p data-start=\"1181\" data-end=\"1567\">Si el consentimiento del interesado se da en el contexto de una declaraci\u00f3n escrita que tambi\u00e9n haga referencia a otros asuntos, la solicitud de consentimiento se presentar\u00e1 de forma que se distinga claramente de los dem\u00e1s asuntos, de forma inteligible, de f\u00e1cil acceso y utilizando un lenguaje claro y sencillo, de conformidad con el art\u00edculo 7.2 del <strong data-start=\"1534\" data-end=\"1564\">RGPD de 27 de abril de 2016<\/strong>.<\/p><h3 data-start=\"1569\" data-end=\"1655\"><strong data-start=\"1573\" data-end=\"1653\">Legitimaci\u00f3n, \u00bfcu\u00e1l es la legitimaci\u00f3n para el tratamiento de sus datos?<\/strong><\/h3><p data-start=\"1657\" data-end=\"1725\">La base legal para el tratamiento de sus datos se basar\u00e1 en:<\/p><ul data-start=\"1727\" data-end=\"2116\"><li data-start=\"1727\" data-end=\"1889\">El <strong data-start=\"1732\" data-end=\"1764\">consentimiento del interesado<\/strong> para el tratamiento de sus datos, conforme al art\u00edculo <strong data-start=\"1824\" data-end=\"1834\">6.1.a)<\/strong> del Reglamento General Europeo de Protecci\u00f3n de Datos.<\/li><li data-start=\"1890\" data-end=\"2116\">La ejecuci\u00f3n necesaria de un <strong data-start=\"1919\" data-end=\"1932\">contrato<\/strong> en el que el interesado es parte o para la aplicaci\u00f3n, a su petici\u00f3n, de medidas precontractuales, conforme al art\u00edculo <strong data-start=\"2051\" data-end=\"2061\">6.1.b)<\/strong> del Reglamento General Europeo de Protecci\u00f3n de Datos.<\/li><\/ul><h3 data-start=\"2118\" data-end=\"2177\"><strong data-start=\"2122\" data-end=\"2175\">Destinatarios, \u00bfa qui\u00e9n comunicamos sus datos?<\/strong><\/h3><p data-start=\"2179\" data-end=\"2350\">Los datos personales no ser\u00e1n objeto de cesi\u00f3n salvo en el cumplimiento de obligaciones legalmente establecidas o para apoyar a los servicios vinculados a este tratamiento.<\/p><h3 data-start=\"2352\" data-end=\"2425\"><strong data-start=\"2356\" data-end=\"2423\">Conservaci\u00f3n, \u00bfdurante cu\u00e1nto tiempo conservamos sus datos?<\/strong><\/h3><p data-start=\"2427\" data-end=\"2614\">Conservaremos sus datos de car\u00e1cter personal durante al menos <strong data-start=\"2493\" data-end=\"2503\">5 a\u00f1os<\/strong> en caso de que sea cliente y para el cumplimiento estricto de las obligaciones legales establecidas en la normativa.<\/p><p data-start=\"2616\" data-end=\"2742\">En caso de <strong data-start=\"2626\" data-end=\"2643\">no ser cliente<\/strong>, conservaremos sus datos <strong data-start=\"2675\" data-end=\"2707\">el tiempo m\u00ednimo indispensable<\/strong> para gestionar nuestra relaci\u00f3n.<\/p><h3 data-start=\"2744\" data-end=\"2826\"><strong data-start=\"2748\" data-end=\"2824\">Derechos, \u00bfcu\u00e1les son sus derechos cuando nos facilita sus datos?<\/strong><\/h3><p data-start=\"2828\" data-end=\"2940\">Cualquier persona tiene derecho a obtener confirmaci\u00f3n sobre si se est\u00e1n tratando datos personales que le conciernen.<\/p><p data-start=\"2942\" data-end=\"2983\">Las personas interesadas tienen derecho a:<\/p><ul data-start=\"2985\" data-end=\"3810\"><li data-start=\"2985\" data-end=\"3029\"><strong data-start=\"2987\" data-end=\"2998\">Acceder<\/strong> a sus datos personales.<\/li><li data-start=\"3030\" data-end=\"3089\">Solicitar la <strong data-start=\"3047\" data-end=\"3063\">rectificaci\u00f3n<\/strong> de los datos inexactos.<\/li><li data-start=\"3090\" data-end=\"3206\"><strong data-start=\"3092\" data-end=\"3120\">Solicitar la supresi\u00f3n<\/strong> cuando los datos ya no sean necesarios para la finalidad con la que se recogieron.<\/li><li data-start=\"3207\" data-end=\"3388\"><strong data-start=\"3209\" data-end=\"3252\">Solicitar la limitaci\u00f3n del tratamiento<\/strong> de sus datos, en determinadas circunstancias, en cuyo caso s\u00f3lo se conservar\u00e1n para el ejercicio o la defensa de reclamaciones.<\/li><li data-start=\"3389\" data-end=\"3614\"><strong data-start=\"3391\" data-end=\"3418\">Oponerse al tratamiento<\/strong> de sus datos por motivos relacionados con su situaci\u00f3n particular, dejando de tratarse los datos salvo por motivos leg\u00edtimos o para el ejercicio o defensa de posibles reclamaciones.<\/li><li data-start=\"3615\" data-end=\"3810\"><strong data-start=\"3617\" data-end=\"3648\">Solicitar la portabilidad<\/strong> de los datos para obtenerlos en un formato estructurado, de uso com\u00fan y de lectura mec\u00e1nica, para ser descargados por s\u00ed mismos o transmitidos a otra entidad.<\/li><\/ul><p data-start=\"3812\" data-end=\"3966\">El interesado puede ejercer sus derechos dirigiendo un correo electr\u00f3nico a <strong data-start=\"3884\" data-end=\"3911\"><a rel=\"noopener\" data-start=\"3886\" data-end=\"3909\">NURIABARGA@MISCANTI.COM<\/a><\/strong>, o bien por correo postal a <strong data-start=\"3938\" data-end=\"3963\">C\/ RICHARD WAGNER, 26<\/strong><span style=\"color: inherit; font-family: inherit; font-style: inherit; font-weight: inherit;\">, <strong>43700 El Vendrell<\/strong><\/span><strong><span style=\"color: inherit; font-family: inherit; font-size: inherit; font-style: inherit;\">.<\/span><\/strong><\/p><h3 data-start=\"3968\" data-end=\"4029\"><strong data-start=\"3972\" data-end=\"4027\">Consentimiento menores, \u00bfqu\u00e9 ocurre si es menor de edad?<\/strong><\/h3><p data-start=\"4031\" data-end=\"4328\">En el supuesto de que algunos de nuestros servicios vayan dirigidos espec\u00edficamente a menores de <strong data-start=\"4119\" data-end=\"4135\">catorce a\u00f1os<\/strong>, solicitaremos la conformidad de los padres o tutores para la recogida de los datos personales o, en su caso, para el tratamiento automatizado de los datos conforme al art\u00edculo 7 de la <strong data-start=\"4314\" data-end=\"4325\">LOPDGDD<\/strong>.<\/p><h3 data-start=\"4330\" data-end=\"4417\"><strong data-start=\"4334\" data-end=\"4415\">Exactitud, veracidad y seguridad de los datos, \u00bfc\u00f3mo tratamos sus datos?<\/strong><\/h3><p data-start=\"4419\" data-end=\"4868\">El usuario es <strong data-start=\"4431\" data-end=\"4453\">el \u00fanico responsable<\/strong> de la veracidad y correcci\u00f3n de los datos incluidos, exoner\u00e1ndonos de cualquier responsabilidad al respecto. Los usuarios garantizan y responden, en cualquier caso, de la <strong data-start=\"4621\" data-end=\"4659\">exactitud, vigencia y autenticidad<\/strong> de los datos personales facilitados y se comprometen a mantenerlos <strong data-start=\"4727\" data-end=\"4755\">debidamente actualizadas<\/strong>. El usuario acepta proporcionar informaci\u00f3n <strong data-start=\"4798\" data-end=\"4821\">completa y correcta<\/strong> en los formularios de registro o suscripci\u00f3n.<\/p><p data-start=\"4870\" data-end=\"5121\">No responderemos de la veracidad de las informaciones que <strong data-start=\"4924\" data-end=\"4957\">no sean de elaboraci\u00f3n propia<\/strong> y de las que se indique otra fuente, por lo que <strong data-start=\"5016\" data-end=\"5046\">no asumimos responsabilidad<\/strong> en caso de perjuicios que pudieran derivarse del uso de esta informaci\u00f3n.<\/p><p data-start=\"5123\" data-end=\"5501\">Tambi\u00e9n nos reservamos el derecho a <strong data-start=\"5152\" data-end=\"5189\">actualizar, modificar o eliminar<\/strong> la informaci\u00f3n contenida en la web, pudiendo <strong data-start=\"5232\" data-end=\"5257\">limitar o no permitir<\/strong> el acceso a esta informaci\u00f3n. No seremos responsables de cualquier da\u00f1o o perjuicio que pueda sufrir el usuario como consecuencia de errores, defectos u omisiones en la informaci\u00f3n facilitada por el responsable, siempre que proceda de fuentes ajenas.<\/p><p data-start=\"5503\" data-end=\"5695\">Los datos ser\u00e1n tratados de forma <strong data-start=\"5539\" data-end=\"5555\">confidencial<\/strong> y bajo medidas <strong data-start=\"5571\" data-end=\"5624\">t\u00e9cnicas y organizativas de seguridad adecuadas<\/strong> para evitar su alteraci\u00f3n, p\u00e9rdida, tratamiento o acceso no autorizado.<\/p><p data-start=\"5697\" data-end=\"5939\" data-is-last-node=\"\" data-is-only-node=\"\">Puede presentar una <strong data-start=\"5717\" data-end=\"5731\">reclamaci\u00f3n<\/strong> frente al<strong data-start=\"5741\" data-end=\"5784\">Agencia Espa\u00f1ola de Protecci\u00f3n de Datos<\/strong>, especialmente cuando no haya obtenido satisfacci\u00f3n en el ejercicio de sus derechos, en la direcci\u00f3n postal y\/o electr\u00f3nica indicada en la p\u00e1gina <strong data-start=\"5923\" data-end=\"5938\"><a href=\"http:\/\/www.aepd.es\" target=\"_new\" rel=\"noopener\" data-start=\"5925\" data-end=\"5936\">www.aepd.es<\/a><\/strong>.<\/p>\t\t\t\t\t\t\t\t<\/div>\n\t\t\t\t<\/div>\n\t\t\t\t\t<\/div>\n\t\t<\/div>\n\t\t\t\t\t<\/div>\n\t\t<\/section>\n\t\t\t\t<\/div>","protected":false},"excerpt":{"rendered":"<p>Pol\u00edtica de privacitat La present Pol\u00edtica de Privacitat regula l\u2019\u00fas del servei del portal d\u2019Internet amb adre\u00e7a www.miscanti.com, el responsable del qual a efectes identificatius \u00e9s: Responsable: MISCANTI TECNOLOG\u00cdA, S.L. NIF: B64638737 Adre\u00e7a: C\/ Richard Wagner, 26 &#8211; 43700 El &hellip; <a href=\"https:\/\/www.miscanti.com\/es\/politica-de-privadesa\/\">Read More<\/a><\/p>","protected":false},"author":1,"featured_media":0,"parent":0,"menu_order":0,"comment_status":"closed","ping_status":"open","template":"","meta":{"footnotes":""},"class_list":["post-3","page","type-page","status-publish","hentry"],"yoast_head":"<!-- This site is optimized with the Yoast SEO plugin v27.0 - https:\/\/yoast.com\/product\/yoast-seo-wordpress\/ -->\n<title>Pol\u00edtica de privadesa - MISCANTI TECNOLOGIA<\/title>\n<meta name=\"robots\" content=\"index, follow, max-snippet:-1, max-image-preview:large, max-video-preview:-1\" \/>\n<link rel=\"canonical\" href=\"https:\/\/www.miscanti.com\/es\/politica-de-privadesa\/\" \/>\n<meta property=\"og:locale\" content=\"es_ES\" \/>\n<meta property=\"og:type\" content=\"article\" \/>\n<meta property=\"og:title\" content=\"Pol\u00edtica de privadesa - MISCANTI TECNOLOGIA\" \/>\n<meta property=\"og:description\" content=\"Pol\u00edtica de privacitat La present Pol\u00edtica de Privacitat regula l\u2019\u00fas del servei del portal d\u2019Internet amb adre\u00e7a www.miscanti.com, el responsable del qual a efectes identificatius \u00e9s: Responsable: MISCANTI TECNOLOG\u00cdA, S.L. NIF: B64638737 Adre\u00e7a: C\/ Richard Wagner, 26 &#8211; 43700 El &hellip; Read More\" \/>\n<meta property=\"og:url\" content=\"https:\/\/www.miscanti.com\/es\/politica-de-privadesa\/\" \/>\n<meta property=\"og:site_name\" content=\"MISCANTI TECNOLOGIA\" \/>\n<meta property=\"article:modified_time\" content=\"2025-03-12T15:17:18+00:00\" \/>\n<meta name=\"twitter:card\" content=\"summary_large_image\" \/>\n<meta name=\"twitter:label1\" content=\"Tiempo de lectura\" \/>\n\t<meta name=\"twitter:data1\" content=\"5 minutos\" \/>\n<script type=\"application\/ld+json\" class=\"yoast-schema-graph\">{\"@context\":\"https:\/\/schema.org\",\"@graph\":[{\"@type\":\"WebPage\",\"@id\":\"https:\/\/www.miscanti.com\/politica-de-privadesa\/\",\"url\":\"https:\/\/www.miscanti.com\/politica-de-privadesa\/\",\"name\":\"Pol\u00edtica de privadesa - MISCANTI TECNOLOGIA\",\"isPartOf\":{\"@id\":\"https:\/\/www.miscanti.com\/#website\"},\"datePublished\":\"2025-02-07T12:55:15+00:00\",\"dateModified\":\"2025-03-12T15:17:18+00:00\",\"breadcrumb\":{\"@id\":\"https:\/\/www.miscanti.com\/politica-de-privadesa\/#breadcrumb\"},\"inLanguage\":\"es\",\"potentialAction\":[{\"@type\":\"ReadAction\",\"target\":[\"https:\/\/www.miscanti.com\/politica-de-privadesa\/\"]}]},{\"@type\":\"BreadcrumbList\",\"@id\":\"https:\/\/www.miscanti.com\/politica-de-privadesa\/#breadcrumb\",\"itemListElement\":[{\"@type\":\"ListItem\",\"position\":1,\"name\":\"Inici\",\"item\":\"https:\/\/www.miscanti.com\/\"},{\"@type\":\"ListItem\",\"position\":2,\"name\":\"Pol\u00edtica de privadesa\"}]},{\"@type\":\"WebSite\",\"@id\":\"https:\/\/www.miscanti.com\/#website\",\"url\":\"https:\/\/www.miscanti.com\/\",\"name\":\"MISCANTI TECNOLOGIA\",\"description\":\"Tecnologies de la informaci\u00f3 i les telecomunicacions,\",\"publisher\":{\"@id\":\"https:\/\/www.miscanti.com\/#organization\"},\"potentialAction\":[{\"@type\":\"SearchAction\",\"target\":{\"@type\":\"EntryPoint\",\"urlTemplate\":\"https:\/\/www.miscanti.com\/?s={search_term_string}\"},\"query-input\":{\"@type\":\"PropertyValueSpecification\",\"valueRequired\":true,\"valueName\":\"search_term_string\"}}],\"inLanguage\":\"es\"},{\"@type\":\"Organization\",\"@id\":\"https:\/\/www.miscanti.com\/#organization\",\"name\":\"MISCANTI TECNOLOGIA\",\"url\":\"https:\/\/www.miscanti.com\/\",\"logo\":{\"@type\":\"ImageObject\",\"inLanguage\":\"es\",\"@id\":\"https:\/\/www.miscanti.com\/#\/schema\/logo\/image\/\",\"url\":\"https:\/\/www.miscanti.com\/wp-content\/uploads\/2025\/02\/Logo_positiu.svg\",\"contentUrl\":\"https:\/\/www.miscanti.com\/wp-content\/uploads\/2025\/02\/Logo_positiu.svg\",\"width\":1,\"height\":1,\"caption\":\"MISCANTI TECNOLOGIA\"},\"image\":{\"@id\":\"https:\/\/www.miscanti.com\/#\/schema\/logo\/image\/\"}}]}<\/script>\n<!-- \/ Yoast SEO plugin. -->","yoast_head_json":{"title":"Pol\u00edtica de privadesa - MISCANTI TECNOLOGIA","robots":{"index":"index","follow":"follow","max-snippet":"max-snippet:-1","max-image-preview":"max-image-preview:large","max-video-preview":"max-video-preview:-1"},"canonical":"https:\/\/www.miscanti.com\/es\/politica-de-privadesa\/","og_locale":"es_ES","og_type":"article","og_title":"Pol\u00edtica de privadesa - MISCANTI TECNOLOGIA","og_description":"Pol\u00edtica de privacitat La present Pol\u00edtica de Privacitat regula l\u2019\u00fas del servei del portal d\u2019Internet amb adre\u00e7a www.miscanti.com, el responsable del qual a efectes identificatius \u00e9s: Responsable: MISCANTI TECNOLOG\u00cdA, S.L. NIF: B64638737 Adre\u00e7a: C\/ Richard Wagner, 26 &#8211; 43700 El &hellip; Read More","og_url":"https:\/\/www.miscanti.com\/es\/politica-de-privadesa\/","og_site_name":"MISCANTI TECNOLOGIA","article_modified_time":"2025-03-12T15:17:18+00:00","twitter_card":"summary_large_image","twitter_misc":{"Tiempo de lectura":"5 minutos"},"schema":{"@context":"https:\/\/schema.org","@graph":[{"@type":"WebPage","@id":"https:\/\/www.miscanti.com\/politica-de-privadesa\/","url":"https:\/\/www.miscanti.com\/politica-de-privadesa\/","name":"Pol\u00edtica de privadesa - MISCANTI TECNOLOGIA","isPartOf":{"@id":"https:\/\/www.miscanti.com\/#website"},"datePublished":"2025-02-07T12:55:15+00:00","dateModified":"2025-03-12T15:17:18+00:00","breadcrumb":{"@id":"https:\/\/www.miscanti.com\/politica-de-privadesa\/#breadcrumb"},"inLanguage":"es","potentialAction":[{"@type":"ReadAction","target":["https:\/\/www.miscanti.com\/politica-de-privadesa\/"]}]},{"@type":"BreadcrumbList","@id":"https:\/\/www.miscanti.com\/politica-de-privadesa\/#breadcrumb","itemListElement":[{"@type":"ListItem","position":1,"name":"Inici","item":"https:\/\/www.miscanti.com\/"},{"@type":"ListItem","position":2,"name":"Pol\u00edtica de privadesa"}]},{"@type":"WebSite","@id":"https:\/\/www.miscanti.com\/#website","url":"https:\/\/www.miscanti.com\/","name":"MISCANTI TECNOLOGIA","description":"Tecnologies de la informaci\u00f3 i les telecomunicacions,","publisher":{"@id":"https:\/\/www.miscanti.com\/#organization"},"potentialAction":[{"@type":"SearchAction","target":{"@type":"EntryPoint","urlTemplate":"https:\/\/www.miscanti.com\/?s={search_term_string}"},"query-input":{"@type":"PropertyValueSpecification","valueRequired":true,"valueName":"search_term_string"}}],"inLanguage":"es"},{"@type":"Organization","@id":"https:\/\/www.miscanti.com\/#organization","name":"MISCANTI TECNOLOGIA","url":"https:\/\/www.miscanti.com\/","logo":{"@type":"ImageObject","inLanguage":"es","@id":"https:\/\/www.miscanti.com\/#\/schema\/logo\/image\/","url":"https:\/\/www.miscanti.com\/wp-content\/uploads\/2025\/02\/Logo_positiu.svg","contentUrl":"https:\/\/www.miscanti.com\/wp-content\/uploads\/2025\/02\/Logo_positiu.svg","width":1,"height":1,"caption":"MISCANTI TECNOLOGIA"},"image":{"@id":"https:\/\/www.miscanti.com\/#\/schema\/logo\/image\/"}}]}},"_links":{"self":[{"href":"https:\/\/www.miscanti.com\/es\/wp-json\/wp\/v2\/pages\/3","targetHints":{"allow":["GET"]}}],"collection":[{"href":"https:\/\/www.miscanti.com\/es\/wp-json\/wp\/v2\/pages"}],"about":[{"href":"https:\/\/www.miscanti.com\/es\/wp-json\/wp\/v2\/types\/page"}],"author":[{"embeddable":true,"href":"https:\/\/www.miscanti.com\/es\/wp-json\/wp\/v2\/users\/1"}],"replies":[{"embeddable":true,"href":"https:\/\/www.miscanti.com\/es\/wp-json\/wp\/v2\/comments?post=3"}],"version-history":[{"count":30,"href":"https:\/\/www.miscanti.com\/es\/wp-json\/wp\/v2\/pages\/3\/revisions"}],"predecessor-version":[{"id":1752,"href":"https:\/\/www.miscanti.com\/es\/wp-json\/wp\/v2\/pages\/3\/revisions\/1752"}],"wp:attachment":[{"href":"https:\/\/www.miscanti.com\/es\/wp-json\/wp\/v2\/media?parent=3"}],"curies":[{"name":"wp","href":"https:\/\/api.w.org\/{rel}","templated":true}]}}