{"id":1755,"date":"2025-03-17T14:44:47","date_gmt":"2025-03-17T12:44:47","guid":{"rendered":"https:\/\/www.miscanti.com\/?page_id=1755"},"modified":"2025-03-17T15:03:54","modified_gmt":"2025-03-17T13:03:54","slug":"declaracio-daccessibilitat","status":"publish","type":"page","link":"https:\/\/www.miscanti.com\/es\/declaracio-daccessibilitat\/","title":{"rendered":"Declaraci\u00f3n de Accesibilidad"},"content":{"rendered":"<div data-elementor-type=\"wp-page\" data-elementor-id=\"1755\" class=\"elementor elementor-1755\">\n\t\t\t\t\t\t<section class=\"th-parallax elementor-section elementor-top-section elementor-element elementor-element-1eb7519e elementor-section-full_width elementor-section-height-min-height elementor-section-height-default elementor-section-items-middle\" data-parallax=\"scroll\" data-image-src=\"\" data-id=\"1eb7519e\" data-element_type=\"section\" data-settings=\"{&quot;background_background&quot;:&quot;classic&quot;}\">\n\t\t\t\t\t\t\t<div class=\"elementor-background-overlay\"><\/div>\n\t\t\t\t\t\t\t<div class=\"elementor-container elementor-column-gap-default\">\n\t\t\t\t\t<div class=\"elementor-column elementor-col-100 elementor-top-column elementor-element elementor-element-3fb1ad29\" data-id=\"3fb1ad29\" data-element_type=\"column\">\n\t\t\t<div class=\"elementor-widget-wrap elementor-element-populated\">\n\t\t\t\t\t\t<div class=\"elementor-element elementor-element-7f8d9f48 elementor-widget elementor-widget-spacer\" data-id=\"7f8d9f48\" data-element_type=\"widget\" data-widget_type=\"spacer.default\">\n\t\t\t\t<div class=\"elementor-widget-container\">\n\t\t\t\t\t\t\t<div class=\"elementor-spacer\">\n\t\t\t<div class=\"elementor-spacer-inner\"><\/div>\n\t\t<\/div>\n\t\t\t\t\t\t<\/div>\n\t\t\t\t<\/div>\n\t\t\t\t<div class=\"elementor-element elementor-element-3f166941 elementor-view-default elementor-position-top elementor-invisible elementor-widget elementor-widget-themo-header\" data-id=\"3f166941\" data-element_type=\"widget\" data-settings=\"{&quot;_animation&quot;:&quot;fadeInUp&quot;}\" data-widget_type=\"themo-header.default\">\n\t\t\t\t<div class=\"elementor-widget-container\">\n\t\t\t\t\t\t\t<div class=\"th-header-wrap\">\n        <div class=\"elementor-icon-box-wrapper\">\n                            <div class=\"elementor-icon-box-content\">\n                    <h1 class=\"elementor-icon-box-title\">\n                        Declaraci\u00f3n de Accesibilidad                    <\/h1>\n                                        <p class=\"elementor-icon-box-description\"><\/p>\n\n                                    <\/div>\n            <\/div>\n\n        <\/div>\n\n\t\t\t\t\t\t<\/div>\n\t\t\t\t<\/div>\n\t\t\t\t\t<\/div>\n\t\t<\/div>\n\t\t\t\t\t<\/div>\n\t\t<\/section>\n\t\t\t\t<section class=\"elementor-section elementor-top-section elementor-element elementor-element-3afca767 elementor-section-boxed elementor-section-height-default elementor-section-height-default\" data-id=\"3afca767\" data-element_type=\"section\">\n\t\t\t\t\t\t<div class=\"elementor-container elementor-column-gap-default\">\n\t\t\t\t\t<div class=\"elementor-column elementor-col-100 elementor-top-column elementor-element elementor-element-429b5376\" data-id=\"429b5376\" data-element_type=\"column\">\n\t\t\t<div class=\"elementor-widget-wrap elementor-element-populated\">\n\t\t\t\t\t\t<div class=\"elementor-element elementor-element-410c832e elementor-widget elementor-widget-text-editor\" data-id=\"410c832e\" data-element_type=\"widget\" data-widget_type=\"text-editor.default\">\n\t\t\t\t<div class=\"elementor-widget-container\">\n\t\t\t\t\t\t\t\t\t<p data-start=\"102\" data-end=\"308\"><strong data-start=\"102\" data-end=\"131\">MISCANTI TECNOLOG\u00cdA, SL<\/strong> se ha comprometido a hacer accesible su sitio web de conformidad con los criterios de accesibilidad del Programa Kit Digital, conforme a los Anexos de la Norma UNE-EN 301 549:2022.<\/p><p data-start=\"310\" data-end=\"482\">La presente declaraci\u00f3n de accesibilidad se aplica al sitio web <strong data-start=\"370\" data-end=\"390\"><a href=\"http:\/\/www.miscanti.com\/es\/\" target=\"_new\" rel=\"noopener\" data-start=\"372\" data-end=\"388\">www.miscanti.com<\/a><\/strong> (los subdominios de este sitio web tendr\u00e1n sus propias declaraciones de accesibilidad).<\/p><h3 data-start=\"484\" data-end=\"512\">Situaci\u00f3n de cumplimiento<\/h3><p data-start=\"513\" data-end=\"619\">Este sitio es parcialmente conforme con los aspectos de accesibilidad que se definen en la presente web.<\/p><h3 data-start=\"621\" data-end=\"650\">Contenido no accesible<\/h3><p data-start=\"651\" data-end=\"753\">En cambio, el contenido de los puntos que se recogen a continuaci\u00f3n no es accesible por los siguientes motivos:<\/p><h4 data-start=\"755\" data-end=\"794\"><strong data-start=\"760\" data-end=\"792\">1. Contenido no textual<\/strong><\/h4><p data-start=\"795\" data-end=\"832\">Cuando las TIC sean una p\u00e1gina web.<\/p><p data-start=\"834\" data-end=\"999\">Todo contenido no textual que se presenta al usuario tiene una alternativa textual que cumple el mismo prop\u00f3sito, excepto en las situaciones enumeradas a continuaci\u00f3n:<\/p><ul data-start=\"1001\" data-end=\"2553\"><li data-start=\"1001\" data-end=\"1162\"><strong data-start=\"1003\" data-end=\"1034\">Controles, Entrada de datos:<\/strong> Si el contenido no textual es un control o acepta datos introducidos por el usuario, entonces tiene un nombre que describe el prop\u00f3sito.<\/li><li data-start=\"1163\" data-end=\"1406\"><strong data-start=\"1165\" data-end=\"1206\">Contenido multimedia tempo dependiente:<\/strong> Si el contenido no textual es una presentaci\u00f3n multimedia con desarrollo temporal, las alternativas textuales proporcionan al menos una identificaci\u00f3n descriptiva del contenido no textual.<\/li><li data-start=\"1407\" data-end=\"1642\"><strong data-start=\"1409\" data-end=\"1420\">Pruebas:<\/strong> Si el contenido no textual es una prueba o ejercicio que no ser\u00eda v\u00e1lido si se presentara en forma de texto, entonces las alternativas textuales proporcionar\u00e1n al menos una identificaci\u00f3n descriptiva del contenido no textual.<\/li><li data-start=\"1643\" data-end=\"1871\"><strong data-start=\"1645\" data-end=\"1659\">Sensorial:<\/strong> Si el contenido no textual tiene como objetivo principal crear una experiencia sensorial espec\u00edfica, entonces las alternativas textuales proporcionan al menos una identificaci\u00f3n descriptiva del contenido no textual.<\/li><li data-start=\"1872\" data-end=\"2309\"><strong data-start=\"1874\" data-end=\"1886\">CAPTCHA:<\/strong> Si el prop\u00f3sito del contenido no textual es confirmar que quien est\u00e1 accediendo al contenido es una persona y no una computadora, entonces se proporcionar\u00e1n alternativas textuales que identifiquen y describen el prop\u00f3sito del contenido no textual y se proporcionen formas alternativas de CAPTCHA con m\u00f3dulos de salida para diferentes tipos de percepciones sensoriales, con el fin de acomodarse a las.<\/li><li data-start=\"2310\" data-end=\"2553\"><strong data-start=\"2312\" data-end=\"2345\">Decoraci\u00f3n, Formato, Invisible:<\/strong> Si el contenido no textual es simple decoraci\u00f3n, se utiliza \u00fanicamente para definir el formato visual o no se presenta a los usuarios, entonces se implementa de forma que pueda ser ignorado por las ayudas t\u00e9cnicas.<\/li><\/ul><h4 data-start=\"2555\" data-end=\"2596\"><strong data-start=\"2560\" data-end=\"2594\">2. Informaci\u00f3n y relaciones<\/strong><\/h4><p data-start=\"2597\" data-end=\"2634\">Cuando las TIC sean una p\u00e1gina web.<\/p><p data-start=\"2636\" data-end=\"2782\">La informaci\u00f3n, estructura y relaciones comunicadas a trav\u00e9s de la presentaci\u00f3n pueden ser determinadas por software o est\u00e1n disponibles como texto.<\/p><h3 data-start=\"2784\" data-end=\"2842\">Preparaci\u00f3n de la presente declaraci\u00f3n de accesibilidad<\/h3><p data-start=\"2843\" data-end=\"2907\">La presente declaraci\u00f3n fue preparada el <strong data-start=\"2882\" data-end=\"2904\">14 de marzo de 2025<\/strong>.<\/p><p data-start=\"2909\" data-end=\"3075\">El m\u00e9todo empleado para preparar la declaraci\u00f3n ha sido una autoevaluaci\u00f3n, llevada a cabo por la propia empresa con el apoyo de<strong data-start=\"3038\" data-end=\"3072\">Equalweb Digital Accessibility<\/strong>.<\/p><p data-start=\"3077\" data-end=\"3135\">\u00daltima revisi\u00f3n de la declaraci\u00f3n: <strong data-start=\"3110\" data-end=\"3132\">14 de marzo de 2025<\/strong>.<\/p><h3 data-start=\"3137\" data-end=\"3175\">Observaciones y datos de contacto<\/h3><p data-start=\"3176\" data-end=\"3322\">Puede realizar comunicaciones sobre requisitos de accesibilidad (<strong data-start=\"3238\" data-end=\"3301\">art\u00edculo 10.2.a del Real Decreto 1112\/2018, de 7 de septiembre<\/strong>) como, por ejemplo:<\/p><ul data-start=\"3324\" data-end=\"3563\"><li data-start=\"3324\" data-end=\"3402\">Informar sobre cualquier posible incumplimiento por parte de este sitio web.<\/li><li data-start=\"3403\" data-end=\"3458\">Transmitir otras dificultades de acceso al contenido.<\/li><li data-start=\"3459\" data-end=\"3563\">Formular cualquier otra consulta o sugerencia de mejora relativa a la accesibilidad del sitio web.<\/li><\/ul><p data-start=\"3565\" data-end=\"3597\">A trav\u00e9s de las siguientes v\u00edas:<\/p><ul data-start=\"3599\" data-end=\"3672\"><li data-start=\"3599\" data-end=\"3643\"><strong data-start=\"3601\" data-end=\"3623\">Correo electr\u00f3nico:<\/strong> <a rel=\"noopener\" data-start=\"3624\" data-end=\"3641\">info@miscanti.com<\/a><\/li><li data-start=\"3644\" data-end=\"3672\"><strong data-start=\"3646\" data-end=\"3658\">Tel\u00e9fono:<\/strong> 931 844 231<\/li><\/ul><p data-start=\"3674\" data-end=\"3782\">Las comunicaciones ser\u00e1n recibidas y tratadas por el departamento responsable de los contenidos de este sitio web.<\/p><h3 data-start=\"3784\" data-end=\"3836\">Solicitudes de informaci\u00f3n accesible y quejas<\/h3><p data-start=\"3837\" data-end=\"4093\">Tambi\u00e9n puede solicitar en formato accesible la informaci\u00f3n que no cumpla con los requisitos de accesibilidad, bien por estar excluida, bien por estar exenta por carga desproporcionada, o formular una queja por incumplimiento de los requisitos de accesibilidad.<\/p><h3 data-start=\"4095\" data-end=\"4124\">Procedimiento de aplicaci\u00f3n<\/h3><p data-start=\"4125\" data-end=\"4491\">A trav\u00e9s de este procedimiento podr\u00e1 iniciar una reclamaci\u00f3n para conocer y oponerse a los motivos de la desestimaci\u00f3n de una solicitud de informaci\u00f3n accesible o queja, instar la adopci\u00f3n de las medidas oportunas en caso de no estar de acuerdo con la decisi\u00f3n adoptada, o exponer las razones por las que se considera que la respuesta no cumple con los requisitos exigidos.<\/p><p data-start=\"4493\" data-end=\"4657\">Utilice los datos de contacto anteriormente expuestos y la reclamaci\u00f3n ser\u00e1 dirigida a la Unidad responsable de accesibilidad, oa un superior jer\u00e1rquico de la misma.<\/p><h3 data-start=\"4659\" data-end=\"4683\">Contenido opcional<\/h3><p data-start=\"4684\" data-end=\"4698\">El sitio web:<\/p><ul data-start=\"4700\" data-end=\"5526\"><li data-start=\"4700\" data-end=\"4954\">Se ha dise\u00f1ado adapt\u00e1ndose a los est\u00e1ndares y normativas vigentes en relaci\u00f3n con la accesibilidad, cumpliendo con los puntos de verificaci\u00f3n de <strong data-start=\"4839\" data-end=\"4859\">prioridad 2 (AA)<\/strong> definidos en la especificaci\u00f3n de <strong data-start=\"4891\" data-end=\"4951\">Pautas de Accesibilidad al Contenido en la Web (WCAG 2.1)<\/strong>.<\/li><li data-start=\"4955\" data-end=\"5053\">Est\u00e1 optimizado por las \u00faltimas versiones vigentes de <strong data-start=\"5009\" data-end=\"5050\">Chrome, Edge, Firefox, Safari y Opera<\/strong>.<\/li><li data-start=\"5054\" data-end=\"5196\">Est\u00e1 dise\u00f1ado para la correcta visualizaci\u00f3n en cualquier resoluci\u00f3n y dispositivo de escritorio, tableta o m\u00f3vil (<strong data-start=\"5170\" data-end=\"5192\">dise\u00f1o responsive<\/strong>).<\/li><li data-start=\"5197\" data-end=\"5367\">Las tecnolog\u00edas web en las que se basa la conformidad de la accesibilidad del presente sitio son <strong data-start=\"5296\" data-end=\"5335\">HTML5, CSS, ECMA Script 5, DOM, SVG<\/strong>, as\u00ed como otras tecnolog\u00edas.<\/li><li data-start=\"5368\" data-end=\"5526\">Adicionalmente, se realiza un trabajo continuo de auditor\u00eda y revisi\u00f3n de contenidos para facilitar su interpretaci\u00f3n y mejorar la navegaci\u00f3n por el portal web.<\/li><\/ul>\t\t\t\t\t\t\t\t<\/div>\n\t\t\t\t<\/div>\n\t\t\t\t\t<\/div>\n\t\t<\/div>\n\t\t\t\t\t<\/div>\n\t\t<\/section>\n\t\t\t\t<\/div>","protected":false},"excerpt":{"rendered":"<p>Declaraci\u00f3n de Accesibilidad MISCANTI TECNOLOG\u00cdA, SL se ha comprometido a hacer accesible su sitio web de conformidad con los criterios de accesibilidad del Programa Kit Digital, conforme a los Anexos de la Norma UNE-EN 301 549:2022. La presente declaraci\u00f3n de accesibilidad se aplica al sitio \u2026 <a href=\"https:\/\/www.miscanti.com\/es\/declaracio-daccessibilitat\/\">Read More<\/a><\/p>","protected":false},"author":1,"featured_media":0,"parent":0,"menu_order":0,"comment_status":"closed","ping_status":"closed","template":"","meta":{"footnotes":""},"class_list":["post-1755","page","type-page","status-publish","hentry"],"yoast_head":"<!-- This site is optimized with the Yoast SEO plugin v27.0 - https:\/\/yoast.com\/product\/yoast-seo-wordpress\/ -->\n<title>Declaraci\u00f3 d&#039;Accessibilitat - MISCANTI TECNOLOGIA<\/title>\n<meta name=\"robots\" content=\"index, follow, max-snippet:-1, max-image-preview:large, max-video-preview:-1\" \/>\n<link rel=\"canonical\" href=\"https:\/\/www.miscanti.com\/es\/declaracio-daccessibilitat\/\" \/>\n<meta property=\"og:locale\" content=\"es_ES\" \/>\n<meta property=\"og:type\" content=\"article\" \/>\n<meta property=\"og:title\" content=\"Declaraci\u00f3 d&#039;Accessibilitat - MISCANTI TECNOLOGIA\" \/>\n<meta property=\"og:description\" content=\"Declaraci\u00f3 d&#8217;Accessibilitat MISCANTI TECNOLOG\u00cdA, S.L. s\u2019ha comprom\u00e8s a fer accessible el seu lloc web de conformitat amb els criteris d\u2019accessibilitat del Programa Kit Digital, conforme als annexos de la norma UNE-EN 301 549:2022. La present declaraci\u00f3 d\u2019accessibilitat s\u2019aplica al lloc &hellip; Read More\" \/>\n<meta property=\"og:url\" content=\"https:\/\/www.miscanti.com\/es\/declaracio-daccessibilitat\/\" \/>\n<meta property=\"og:site_name\" content=\"MISCANTI TECNOLOGIA\" \/>\n<meta property=\"article:modified_time\" content=\"2025-03-17T13:03:54+00:00\" \/>\n<meta name=\"twitter:card\" content=\"summary_large_image\" \/>\n<meta name=\"twitter:label1\" content=\"Tiempo de lectura\" \/>\n\t<meta name=\"twitter:data1\" content=\"4 minutos\" \/>\n<script type=\"application\/ld+json\" class=\"yoast-schema-graph\">{\"@context\":\"https:\/\/schema.org\",\"@graph\":[{\"@type\":\"WebPage\",\"@id\":\"https:\/\/www.miscanti.com\/declaracio-daccessibilitat\/\",\"url\":\"https:\/\/www.miscanti.com\/declaracio-daccessibilitat\/\",\"name\":\"Declaraci\u00f3 d'Accessibilitat - MISCANTI TECNOLOGIA\",\"isPartOf\":{\"@id\":\"https:\/\/www.miscanti.com\/#website\"},\"datePublished\":\"2025-03-17T12:44:47+00:00\",\"dateModified\":\"2025-03-17T13:03:54+00:00\",\"breadcrumb\":{\"@id\":\"https:\/\/www.miscanti.com\/declaracio-daccessibilitat\/#breadcrumb\"},\"inLanguage\":\"es\",\"potentialAction\":[{\"@type\":\"ReadAction\",\"target\":[\"https:\/\/www.miscanti.com\/declaracio-daccessibilitat\/\"]}]},{\"@type\":\"BreadcrumbList\",\"@id\":\"https:\/\/www.miscanti.com\/declaracio-daccessibilitat\/#breadcrumb\",\"itemListElement\":[{\"@type\":\"ListItem\",\"position\":1,\"name\":\"Inici\",\"item\":\"https:\/\/www.miscanti.com\/\"},{\"@type\":\"ListItem\",\"position\":2,\"name\":\"Declaraci\u00f3 d&#8217;Accessibilitat\"}]},{\"@type\":\"WebSite\",\"@id\":\"https:\/\/www.miscanti.com\/#website\",\"url\":\"https:\/\/www.miscanti.com\/\",\"name\":\"MISCANTI TECNOLOGIA\",\"description\":\"Tecnologies de la informaci\u00f3 i les telecomunicacions,\",\"publisher\":{\"@id\":\"https:\/\/www.miscanti.com\/#organization\"},\"potentialAction\":[{\"@type\":\"SearchAction\",\"target\":{\"@type\":\"EntryPoint\",\"urlTemplate\":\"https:\/\/www.miscanti.com\/?s={search_term_string}\"},\"query-input\":{\"@type\":\"PropertyValueSpecification\",\"valueRequired\":true,\"valueName\":\"search_term_string\"}}],\"inLanguage\":\"es\"},{\"@type\":\"Organization\",\"@id\":\"https:\/\/www.miscanti.com\/#organization\",\"name\":\"MISCANTI TECNOLOGIA\",\"url\":\"https:\/\/www.miscanti.com\/\",\"logo\":{\"@type\":\"ImageObject\",\"inLanguage\":\"es\",\"@id\":\"https:\/\/www.miscanti.com\/#\/schema\/logo\/image\/\",\"url\":\"https:\/\/www.miscanti.com\/wp-content\/uploads\/2025\/02\/Logo_positiu.svg\",\"contentUrl\":\"https:\/\/www.miscanti.com\/wp-content\/uploads\/2025\/02\/Logo_positiu.svg\",\"width\":1,\"height\":1,\"caption\":\"MISCANTI TECNOLOGIA\"},\"image\":{\"@id\":\"https:\/\/www.miscanti.com\/#\/schema\/logo\/image\/\"}}]}<\/script>\n<!-- \/ Yoast SEO plugin. -->","yoast_head_json":{"title":"Declaraci\u00f3 d'Accessibilitat - MISCANTI TECNOLOGIA","robots":{"index":"index","follow":"follow","max-snippet":"max-snippet:-1","max-image-preview":"max-image-preview:large","max-video-preview":"max-video-preview:-1"},"canonical":"https:\/\/www.miscanti.com\/es\/declaracio-daccessibilitat\/","og_locale":"es_ES","og_type":"article","og_title":"Declaraci\u00f3 d'Accessibilitat - MISCANTI TECNOLOGIA","og_description":"Declaraci\u00f3 d&#8217;Accessibilitat MISCANTI TECNOLOG\u00cdA, S.L. s\u2019ha comprom\u00e8s a fer accessible el seu lloc web de conformitat amb els criteris d\u2019accessibilitat del Programa Kit Digital, conforme als annexos de la norma UNE-EN 301 549:2022. La present declaraci\u00f3 d\u2019accessibilitat s\u2019aplica al lloc &hellip; Read More","og_url":"https:\/\/www.miscanti.com\/es\/declaracio-daccessibilitat\/","og_site_name":"MISCANTI TECNOLOGIA","article_modified_time":"2025-03-17T13:03:54+00:00","twitter_card":"summary_large_image","twitter_misc":{"Tiempo de lectura":"4 minutos"},"schema":{"@context":"https:\/\/schema.org","@graph":[{"@type":"WebPage","@id":"https:\/\/www.miscanti.com\/declaracio-daccessibilitat\/","url":"https:\/\/www.miscanti.com\/declaracio-daccessibilitat\/","name":"Declaraci\u00f3 d'Accessibilitat - MISCANTI TECNOLOGIA","isPartOf":{"@id":"https:\/\/www.miscanti.com\/#website"},"datePublished":"2025-03-17T12:44:47+00:00","dateModified":"2025-03-17T13:03:54+00:00","breadcrumb":{"@id":"https:\/\/www.miscanti.com\/declaracio-daccessibilitat\/#breadcrumb"},"inLanguage":"es","potentialAction":[{"@type":"ReadAction","target":["https:\/\/www.miscanti.com\/declaracio-daccessibilitat\/"]}]},{"@type":"BreadcrumbList","@id":"https:\/\/www.miscanti.com\/declaracio-daccessibilitat\/#breadcrumb","itemListElement":[{"@type":"ListItem","position":1,"name":"Inici","item":"https:\/\/www.miscanti.com\/"},{"@type":"ListItem","position":2,"name":"Declaraci\u00f3 d&#8217;Accessibilitat"}]},{"@type":"WebSite","@id":"https:\/\/www.miscanti.com\/#website","url":"https:\/\/www.miscanti.com\/","name":"MISCANTI TECNOLOGIA","description":"Tecnologies de la informaci\u00f3 i les telecomunicacions,","publisher":{"@id":"https:\/\/www.miscanti.com\/#organization"},"potentialAction":[{"@type":"SearchAction","target":{"@type":"EntryPoint","urlTemplate":"https:\/\/www.miscanti.com\/?s={search_term_string}"},"query-input":{"@type":"PropertyValueSpecification","valueRequired":true,"valueName":"search_term_string"}}],"inLanguage":"es"},{"@type":"Organization","@id":"https:\/\/www.miscanti.com\/#organization","name":"MISCANTI TECNOLOGIA","url":"https:\/\/www.miscanti.com\/","logo":{"@type":"ImageObject","inLanguage":"es","@id":"https:\/\/www.miscanti.com\/#\/schema\/logo\/image\/","url":"https:\/\/www.miscanti.com\/wp-content\/uploads\/2025\/02\/Logo_positiu.svg","contentUrl":"https:\/\/www.miscanti.com\/wp-content\/uploads\/2025\/02\/Logo_positiu.svg","width":1,"height":1,"caption":"MISCANTI TECNOLOGIA"},"image":{"@id":"https:\/\/www.miscanti.com\/#\/schema\/logo\/image\/"}}]}},"_links":{"self":[{"href":"https:\/\/www.miscanti.com\/es\/wp-json\/wp\/v2\/pages\/1755","targetHints":{"allow":["GET"]}}],"collection":[{"href":"https:\/\/www.miscanti.com\/es\/wp-json\/wp\/v2\/pages"}],"about":[{"href":"https:\/\/www.miscanti.com\/es\/wp-json\/wp\/v2\/types\/page"}],"author":[{"embeddable":true,"href":"https:\/\/www.miscanti.com\/es\/wp-json\/wp\/v2\/users\/1"}],"replies":[{"embeddable":true,"href":"https:\/\/www.miscanti.com\/es\/wp-json\/wp\/v2\/comments?post=1755"}],"version-history":[{"count":11,"href":"https:\/\/www.miscanti.com\/es\/wp-json\/wp\/v2\/pages\/1755\/revisions"}],"predecessor-version":[{"id":1768,"href":"https:\/\/www.miscanti.com\/es\/wp-json\/wp\/v2\/pages\/1755\/revisions\/1768"}],"wp:attachment":[{"href":"https:\/\/www.miscanti.com\/es\/wp-json\/wp\/v2\/media?parent=1755"}],"curies":[{"name":"wp","href":"https:\/\/api.w.org\/{rel}","templated":true}]}}