{"id":1590,"date":"2025-03-04T11:37:39","date_gmt":"2025-03-04T09:37:39","guid":{"rendered":"https:\/\/www.miscanti.com\/?page_id=1590"},"modified":"2025-03-12T17:13:13","modified_gmt":"2025-03-12T15:13:13","slug":"avis-legal","status":"publish","type":"page","link":"https:\/\/www.miscanti.com\/es\/avis-legal\/","title":{"rendered":"Aviso legal"},"content":{"rendered":"<div data-elementor-type=\"wp-page\" data-elementor-id=\"1590\" class=\"elementor elementor-1590\">\n\t\t\t\t\t\t<section class=\"th-parallax elementor-section elementor-top-section elementor-element elementor-element-1eb7519e elementor-section-full_width elementor-section-height-min-height elementor-section-height-default elementor-section-items-middle\" data-parallax=\"scroll\" data-image-src=\"\" data-id=\"1eb7519e\" data-element_type=\"section\" data-settings=\"{&quot;background_background&quot;:&quot;classic&quot;}\">\n\t\t\t\t\t\t\t<div class=\"elementor-background-overlay\"><\/div>\n\t\t\t\t\t\t\t<div class=\"elementor-container elementor-column-gap-default\">\n\t\t\t\t\t<div class=\"elementor-column elementor-col-100 elementor-top-column elementor-element elementor-element-3fb1ad29\" data-id=\"3fb1ad29\" data-element_type=\"column\">\n\t\t\t<div class=\"elementor-widget-wrap elementor-element-populated\">\n\t\t\t\t\t\t<div class=\"elementor-element elementor-element-7f8d9f48 elementor-widget elementor-widget-spacer\" data-id=\"7f8d9f48\" data-element_type=\"widget\" data-widget_type=\"spacer.default\">\n\t\t\t\t<div class=\"elementor-widget-container\">\n\t\t\t\t\t\t\t<div class=\"elementor-spacer\">\n\t\t\t<div class=\"elementor-spacer-inner\"><\/div>\n\t\t<\/div>\n\t\t\t\t\t\t<\/div>\n\t\t\t\t<\/div>\n\t\t\t\t<div class=\"elementor-element elementor-element-3f166941 elementor-view-default elementor-position-top elementor-invisible elementor-widget elementor-widget-themo-header\" data-id=\"3f166941\" data-element_type=\"widget\" data-settings=\"{&quot;_animation&quot;:&quot;fadeInUp&quot;}\" data-widget_type=\"themo-header.default\">\n\t\t\t\t<div class=\"elementor-widget-container\">\n\t\t\t\t\t\t\t<div class=\"th-header-wrap\">\n        <div class=\"elementor-icon-box-wrapper\">\n                            <div class=\"elementor-icon-box-content\">\n                    <h1 class=\"elementor-icon-box-title\">\n                        Aviso legal                    <\/h1>\n                                        <p class=\"elementor-icon-box-description\"><\/p>\n\n                                    <\/div>\n            <\/div>\n\n        <\/div>\n\n\t\t\t\t\t\t<\/div>\n\t\t\t\t<\/div>\n\t\t\t\t\t<\/div>\n\t\t<\/div>\n\t\t\t\t\t<\/div>\n\t\t<\/section>\n\t\t\t\t<section class=\"elementor-section elementor-top-section elementor-element elementor-element-3afca767 elementor-section-boxed elementor-section-height-default elementor-section-height-default\" data-id=\"3afca767\" data-element_type=\"section\">\n\t\t\t\t\t\t<div class=\"elementor-container elementor-column-gap-default\">\n\t\t\t\t\t<div class=\"elementor-column elementor-col-100 elementor-top-column elementor-element elementor-element-429b5376\" data-id=\"429b5376\" data-element_type=\"column\">\n\t\t\t<div class=\"elementor-widget-wrap elementor-element-populated\">\n\t\t\t\t\t\t<div class=\"elementor-element elementor-element-410c832e elementor-widget elementor-widget-text-editor\" data-id=\"410c832e\" data-element_type=\"widget\" data-widget_type=\"text-editor.default\">\n\t\t\t\t<div class=\"elementor-widget-container\">\n\t\t\t\t\t\t\t\t\t<p data-start=\"22\" data-end=\"176\">El presente Aviso Legal regula el uso del servicio del portal de Internet con direcci\u00f3n <strong data-start=\"120\" data-end=\"140\"><a href=\"http:\/\/www.miscanti.com\/es\/\" target=\"_new\" rel=\"noopener\" data-start=\"122\" data-end=\"138\">www.miscanti.com<\/a><\/strong>, cuyo responsable a efectos identificativos es:<\/p><ul data-start=\"198\" data-end=\"383\"><li data-start=\"198\" data-end=\"244\"><strong data-start=\"200\" data-end=\"216\">Responsable:<\/strong>\u00a0MISCANTI TECNOLOG\u00cdA, SL<\/li><li data-start=\"245\" data-end=\"267\"><strong data-start=\"247\" data-end=\"255\">NIF:<\/strong>\u00a0B64638737<\/li><li data-start=\"268\" data-end=\"305\"><strong data-start=\"270\" data-end=\"281\">Direcci\u00f3n:<\/strong>\u00a0C\/ Richard Wagner, 26 \u2013 43700 El Vendrell<\/li><li data-start=\"306\" data-end=\"332\"><strong data-start=\"308\" data-end=\"320\">Tel\u00e9fono:<\/strong>\u00a0931844231<\/li><li data-start=\"333\" data-end=\"383\"><strong data-start=\"335\" data-end=\"357\">Correo electr\u00f3nico:\u00a0<\/strong>info@miscanti.com<\/li><\/ul><h3 data-start=\"384\" data-end=\"404\"><strong data-start=\"388\" data-end=\"402\">Legislaci\u00f3n<\/strong><\/h3><p data-start=\"406\" data-end=\"599\">Con car\u00e1cter general, las relaciones entre <strong data-start=\"448\" data-end=\"477\">MISCANTI TECNOLOG\u00cdA, SL<\/strong> y los usuarios de sus servicios telem\u00e1ticos, presentes en la web, est\u00e1n sometidos a la legislaci\u00f3n y jurisdicci\u00f3n espa\u00f1ola.<\/p><p data-start=\"601\" data-end=\"870\">Las partes renuncian expresamente al fuero que pudiera corresponderles y se someten de manera expresa a los <strong data-start=\"706\" data-end=\"742\">Juzgados y Tribunales de Tarragona<\/strong> para resolver cualquier controversia que pudiera surgir en la interpretaci\u00f3n o ejecuci\u00f3n de las presentes condiciones contractuales.<\/p><h3 data-start=\"872\" data-end=\"896\"><strong data-start=\"876\" data-end=\"894\">Contenido y uso<\/strong><\/h3><p data-start=\"898\" data-end=\"1052\">El usuario queda informado y acepta que el acceso a esta web <strong data-start=\"958\" data-end=\"1016\">no supone, en ning\u00fan caso, el inicio de una relaci\u00f3n comercial<\/strong> con <strong data-start=\"1021\" data-end=\"1050\">MISCANTI TECNOLOG\u00cdA, SL<\/strong><\/p><p data-start=\"1054\" data-end=\"1452\">El titular de la web <strong data-start=\"1075\" data-end=\"1111\">no se identifica con las opiniones<\/strong> expresadas en la misma por sus colaboradores. La empresa se reserva el derecho de realizar, sin previo aviso, <strong data-start=\"1225\" data-end=\"1270\">las modificaciones que considere oportunas<\/strong> en su web, pudiendo cambiar, suprimir o a\u00f1adir tanto los contenidos y servicios que se ofrecen como la forma en que \u00e9stos aparecen presentados o localizados en sus servidores.<\/p><h3 data-start=\"1454\" data-end=\"1500\"><strong data-start=\"1458\" data-end=\"1498\">Propiedad intelectual e industrial<\/strong><\/h3><p data-start=\"1502\" data-end=\"1960\">Los derechos de <strong data-start=\"1515\" data-end=\"1542\">propiedad intelectual<\/strong> del contenido de las p\u00e1ginas web, su dise\u00f1o gr\u00e1fico y c\u00f3digos son titularidad de <strong data-start=\"1626\" data-end=\"1655\">MISCANTI TECNOLOG\u00cdA, SL<\/strong> y, por tanto, queda <strong data-start=\"1675\" data-end=\"1785\">prohibida su reproducci\u00f3n, distribuci\u00f3n, comunicaci\u00f3n p\u00fablica, transformaci\u00f3n o cualquier otra actividad<\/strong> que se pueda realizar con los contenidos de sus p\u00e1ginas web, <strong data-start=\"1854\" data-end=\"1885\">incluso citando las fuentes<\/strong>, excepto con el consentimiento por escrito de <strong data-start=\"1929\" data-end=\"1958\">MISCANTI TECNOLOG\u00cdA, SL<\/strong><\/p><p data-start=\"1962\" data-end=\"2165\">Todos los <strong data-start=\"1971\" data-end=\"2019\">nombres comerciales, marcas o signos distintivos<\/strong> de cualquier clase que se encuentran en las p\u00e1ginas web de la empresa son <strong data-start=\"2089\" data-end=\"2132\">propiedad de sus respectivos titulares<\/strong> y est\u00e1n protegidos por la ley.<\/p><h3 data-start=\"2167\" data-end=\"2193\"><strong data-start=\"2171\" data-end=\"2191\">Enlaces (Links)<\/strong><\/h3><p data-start=\"2195\" data-end=\"2405\" data-is-last-node=\"\" data-is-only-node=\"\">La presencia de<strong data-start=\"2210\" data-end=\"2230\">enlaces (links)<\/strong> en las p\u00e1ginas web de <strong data-start=\"2252\" data-end=\"2281\">MISCANTI TECNOLOG\u00cdA, SL<\/strong> tiene una <strong data-start=\"2289\" data-end=\"2323\">finalidad meramente informativa<\/strong> y, en ning\u00fan caso, supone una <strong data-start=\"2350\" data-end=\"2390\">sugerencia, invitaci\u00f3n o recomendaci\u00f3n<\/strong> sobre \u00e9stos.<\/p>\t\t\t\t\t\t\t\t<\/div>\n\t\t\t\t<\/div>\n\t\t\t\t\t<\/div>\n\t\t<\/div>\n\t\t\t\t\t<\/div>\n\t\t<\/section>\n\t\t\t\t<\/div>","protected":false},"excerpt":{"rendered":"<p>Aviso legal El presente Aviso Legal regula el uso del servicio del portal de Internet con direcci\u00f3n www.miscanti.com, cuyo responsable a efectos identificativos es: Responsable: MISCANTI TECNOLOG\u00cdA, SL NIF: B64638737 Direcci\u00f3n: C\/ Richard Wagner, 26 \u2013 43704 El3 Legislaci\u00f3n \u2026 <a href=\"https:\/\/www.miscanti.com\/es\/avis-legal\/\">Read More<\/a><\/p>","protected":false},"author":1,"featured_media":0,"parent":0,"menu_order":0,"comment_status":"closed","ping_status":"closed","template":"","meta":{"footnotes":""},"class_list":["post-1590","page","type-page","status-publish","hentry"],"yoast_head":"<!-- This site is optimized with the Yoast SEO plugin v27.0 - https:\/\/yoast.com\/product\/yoast-seo-wordpress\/ -->\n<title>Av\u00eds legal - MISCANTI TECNOLOGIA<\/title>\n<meta name=\"robots\" content=\"index, follow, max-snippet:-1, max-image-preview:large, max-video-preview:-1\" \/>\n<link rel=\"canonical\" href=\"https:\/\/www.miscanti.com\/es\/avis-legal\/\" \/>\n<meta property=\"og:locale\" content=\"es_ES\" \/>\n<meta property=\"og:type\" content=\"article\" \/>\n<meta property=\"og:title\" content=\"Av\u00eds legal - MISCANTI TECNOLOGIA\" \/>\n<meta property=\"og:description\" content=\"Av\u00eds legal El present Av\u00eds Legal regula l\u2019\u00fas del servei del portal d\u2019Internet amb adre\u00e7a www.miscanti.com, el responsable del qual a efectes identificatius \u00e9s: Responsable:\u00a0MISCANTI TECNOLOG\u00cdA, S.L. NIF:\u00a0B64638737 Adre\u00e7a:\u00a0C\/ Richard Wagner, 26 \u2013 43700 El Vendrell Tel\u00e8fon:\u00a0931844231 Correu electr\u00f2nic:\u00a0info@miscanti.com Legislaci\u00f3 &hellip; Read More\" \/>\n<meta property=\"og:url\" content=\"https:\/\/www.miscanti.com\/es\/avis-legal\/\" \/>\n<meta property=\"og:site_name\" content=\"MISCANTI TECNOLOGIA\" \/>\n<meta property=\"article:modified_time\" content=\"2025-03-12T15:13:13+00:00\" \/>\n<meta name=\"twitter:card\" content=\"summary_large_image\" \/>\n<meta name=\"twitter:label1\" content=\"Tiempo de lectura\" \/>\n\t<meta name=\"twitter:data1\" content=\"2 minutos\" \/>\n<script type=\"application\/ld+json\" class=\"yoast-schema-graph\">{\"@context\":\"https:\/\/schema.org\",\"@graph\":[{\"@type\":\"WebPage\",\"@id\":\"https:\/\/www.miscanti.com\/avis-legal\/\",\"url\":\"https:\/\/www.miscanti.com\/avis-legal\/\",\"name\":\"Av\u00eds legal - MISCANTI TECNOLOGIA\",\"isPartOf\":{\"@id\":\"https:\/\/www.miscanti.com\/#website\"},\"datePublished\":\"2025-03-04T09:37:39+00:00\",\"dateModified\":\"2025-03-12T15:13:13+00:00\",\"breadcrumb\":{\"@id\":\"https:\/\/www.miscanti.com\/avis-legal\/#breadcrumb\"},\"inLanguage\":\"es\",\"potentialAction\":[{\"@type\":\"ReadAction\",\"target\":[\"https:\/\/www.miscanti.com\/avis-legal\/\"]}]},{\"@type\":\"BreadcrumbList\",\"@id\":\"https:\/\/www.miscanti.com\/avis-legal\/#breadcrumb\",\"itemListElement\":[{\"@type\":\"ListItem\",\"position\":1,\"name\":\"Inici\",\"item\":\"https:\/\/www.miscanti.com\/\"},{\"@type\":\"ListItem\",\"position\":2,\"name\":\"Av\u00eds legal\"}]},{\"@type\":\"WebSite\",\"@id\":\"https:\/\/www.miscanti.com\/#website\",\"url\":\"https:\/\/www.miscanti.com\/\",\"name\":\"MISCANTI TECNOLOGIA\",\"description\":\"Tecnologies de la informaci\u00f3 i les telecomunicacions,\",\"publisher\":{\"@id\":\"https:\/\/www.miscanti.com\/#organization\"},\"potentialAction\":[{\"@type\":\"SearchAction\",\"target\":{\"@type\":\"EntryPoint\",\"urlTemplate\":\"https:\/\/www.miscanti.com\/?s={search_term_string}\"},\"query-input\":{\"@type\":\"PropertyValueSpecification\",\"valueRequired\":true,\"valueName\":\"search_term_string\"}}],\"inLanguage\":\"es\"},{\"@type\":\"Organization\",\"@id\":\"https:\/\/www.miscanti.com\/#organization\",\"name\":\"MISCANTI TECNOLOGIA\",\"url\":\"https:\/\/www.miscanti.com\/\",\"logo\":{\"@type\":\"ImageObject\",\"inLanguage\":\"es\",\"@id\":\"https:\/\/www.miscanti.com\/#\/schema\/logo\/image\/\",\"url\":\"https:\/\/www.miscanti.com\/wp-content\/uploads\/2025\/02\/Logo_positiu.svg\",\"contentUrl\":\"https:\/\/www.miscanti.com\/wp-content\/uploads\/2025\/02\/Logo_positiu.svg\",\"width\":1,\"height\":1,\"caption\":\"MISCANTI TECNOLOGIA\"},\"image\":{\"@id\":\"https:\/\/www.miscanti.com\/#\/schema\/logo\/image\/\"}}]}<\/script>\n<!-- \/ Yoast SEO plugin. -->","yoast_head_json":{"title":"Av\u00eds legal - MISCANTI TECNOLOGIA","robots":{"index":"index","follow":"follow","max-snippet":"max-snippet:-1","max-image-preview":"max-image-preview:large","max-video-preview":"max-video-preview:-1"},"canonical":"https:\/\/www.miscanti.com\/es\/avis-legal\/","og_locale":"es_ES","og_type":"article","og_title":"Av\u00eds legal - MISCANTI TECNOLOGIA","og_description":"Av\u00eds legal El present Av\u00eds Legal regula l\u2019\u00fas del servei del portal d\u2019Internet amb adre\u00e7a www.miscanti.com, el responsable del qual a efectes identificatius \u00e9s: Responsable:\u00a0MISCANTI TECNOLOG\u00cdA, S.L. NIF:\u00a0B64638737 Adre\u00e7a:\u00a0C\/ Richard Wagner, 26 \u2013 43700 El Vendrell Tel\u00e8fon:\u00a0931844231 Correu electr\u00f2nic:\u00a0info@miscanti.com Legislaci\u00f3 &hellip; Read More","og_url":"https:\/\/www.miscanti.com\/es\/avis-legal\/","og_site_name":"MISCANTI TECNOLOGIA","article_modified_time":"2025-03-12T15:13:13+00:00","twitter_card":"summary_large_image","twitter_misc":{"Tiempo de lectura":"2 minutos"},"schema":{"@context":"https:\/\/schema.org","@graph":[{"@type":"WebPage","@id":"https:\/\/www.miscanti.com\/avis-legal\/","url":"https:\/\/www.miscanti.com\/avis-legal\/","name":"Av\u00eds legal - MISCANTI TECNOLOGIA","isPartOf":{"@id":"https:\/\/www.miscanti.com\/#website"},"datePublished":"2025-03-04T09:37:39+00:00","dateModified":"2025-03-12T15:13:13+00:00","breadcrumb":{"@id":"https:\/\/www.miscanti.com\/avis-legal\/#breadcrumb"},"inLanguage":"es","potentialAction":[{"@type":"ReadAction","target":["https:\/\/www.miscanti.com\/avis-legal\/"]}]},{"@type":"BreadcrumbList","@id":"https:\/\/www.miscanti.com\/avis-legal\/#breadcrumb","itemListElement":[{"@type":"ListItem","position":1,"name":"Inici","item":"https:\/\/www.miscanti.com\/"},{"@type":"ListItem","position":2,"name":"Av\u00eds legal"}]},{"@type":"WebSite","@id":"https:\/\/www.miscanti.com\/#website","url":"https:\/\/www.miscanti.com\/","name":"MISCANTI TECNOLOGIA","description":"Tecnologies de la informaci\u00f3 i les telecomunicacions,","publisher":{"@id":"https:\/\/www.miscanti.com\/#organization"},"potentialAction":[{"@type":"SearchAction","target":{"@type":"EntryPoint","urlTemplate":"https:\/\/www.miscanti.com\/?s={search_term_string}"},"query-input":{"@type":"PropertyValueSpecification","valueRequired":true,"valueName":"search_term_string"}}],"inLanguage":"es"},{"@type":"Organization","@id":"https:\/\/www.miscanti.com\/#organization","name":"MISCANTI TECNOLOGIA","url":"https:\/\/www.miscanti.com\/","logo":{"@type":"ImageObject","inLanguage":"es","@id":"https:\/\/www.miscanti.com\/#\/schema\/logo\/image\/","url":"https:\/\/www.miscanti.com\/wp-content\/uploads\/2025\/02\/Logo_positiu.svg","contentUrl":"https:\/\/www.miscanti.com\/wp-content\/uploads\/2025\/02\/Logo_positiu.svg","width":1,"height":1,"caption":"MISCANTI TECNOLOGIA"},"image":{"@id":"https:\/\/www.miscanti.com\/#\/schema\/logo\/image\/"}}]}},"_links":{"self":[{"href":"https:\/\/www.miscanti.com\/es\/wp-json\/wp\/v2\/pages\/1590","targetHints":{"allow":["GET"]}}],"collection":[{"href":"https:\/\/www.miscanti.com\/es\/wp-json\/wp\/v2\/pages"}],"about":[{"href":"https:\/\/www.miscanti.com\/es\/wp-json\/wp\/v2\/types\/page"}],"author":[{"embeddable":true,"href":"https:\/\/www.miscanti.com\/es\/wp-json\/wp\/v2\/users\/1"}],"replies":[{"embeddable":true,"href":"https:\/\/www.miscanti.com\/es\/wp-json\/wp\/v2\/comments?post=1590"}],"version-history":[{"count":13,"href":"https:\/\/www.miscanti.com\/es\/wp-json\/wp\/v2\/pages\/1590\/revisions"}],"predecessor-version":[{"id":1746,"href":"https:\/\/www.miscanti.com\/es\/wp-json\/wp\/v2\/pages\/1590\/revisions\/1746"}],"wp:attachment":[{"href":"https:\/\/www.miscanti.com\/es\/wp-json\/wp\/v2\/media?parent=1590"}],"curies":[{"name":"wp","href":"https:\/\/api.w.org\/{rel}","templated":true}]}}